{"id":20670,"date":"2025-06-25T15:14:22","date_gmt":"2025-06-25T12:14:22","guid":{"rendered":"https:\/\/mgshop.muradoglu.com\/urun\/bloque-de-terminales-de-zocalo-macho-de-381-mm-180-10-patillas\/"},"modified":"2025-06-25T15:14:22","modified_gmt":"2025-06-25T12:14:22","slug":"bloque-de-terminales-de-zocalo-macho-de-381-mm-180-10-patillas","status":"publish","type":"product","link":"https:\/\/mgshop.muradoglu.com\/es\/urun\/bloque-de-terminales-de-zocalo-macho-de-381-mm-180-10-patillas\/","title":{"rendered":"Bloque de terminales de z\u00f3calo macho de 3,81 mm 180\u00b0 &#8211; 10 patillas"},"content":{"rendered":"","protected":false},"excerpt":{"rendered":"<p>Regleta de bornes para circuito impreso con z\u00f3calo de conexi\u00f3n por tornillo con mecanismo elevador, 10 polos, secci\u00f3n m\u00e1x. del conductor 1,5mm\u00b2-16 AWG, distancia entre clavijas: 3,81 mm, tensi\u00f3n nominal 160V, corriente nominal: 8A. <\/p>\n<p>Opciones de color: azul, verde, naranja, gris, negro, rojo. Color de stock: verde. <\/p>\n","protected":false},"featured_media":650,"template":"","meta":[],"product_brand":[],"product_cat":[4009,4008],"product_tag":[],"class_list":{"0":"post-20670","1":"product","2":"type-product","3":"status-publish","4":"has-post-thumbnail","6":"product_cat-381mm","7":"product_cat-bornas-para-tarjetas-de-circuito-impreso-y-bornas-de-conexion","8":"pa_aksesuarlar-clavija-de-codificacion","9":"pa_anma-akimi-8a","10":"pa_anma-gerilimi-160v","11":"pa_iletken-baglanti-yonu-4010","12":"pa_kutup-sayisi-4014","13":"pa_montaj-tipi-soldadura-por-ola","14":"pa_onaylar-eet","15":"pa_onaylar-ce","16":"pa_onaylar-rohs","17":"pa_onaylar-vde","18":"pa_onaylar-ul","19":"pa_onaylar-eac","20":"pa_pim-araligi-381mm","21":"pa_renk-secenekleri-azul","22":"pa_renk-secenekleri-verde","23":"pa_renk-secenekleri-naranja","24":"pa_renk-secenekleri-gris","25":"pa_renk-secenekleri-negro","26":"pa_renk-secenekleri-rojo","27":"pa_renk-siparis-kodu-10-066-azul","28":"pa_renk-siparis-kodu-11-066-verde","29":"pa_renk-siparis-kodu-12-066-naranja","30":"pa_renk-siparis-kodu-13-066-negro","31":"pa_renk-siparis-kodu-14-066-gris","32":"pa_renk-siparis-kodu-15-066-rojo","33":"pa_sira-sayisi-4023","34":"pa_stok-rengi-verde","35":"pa_urun-grubu-bornas-para-tarjetas-de-circuito-impreso","36":"pa_urun-tipi-hombre","38":"first","39":"instock","40":"taxable","41":"shipping-taxable","42":"purchasable","43":"product-type-variable"},"yoast_head":"<!-- This site is optimized with the Yoast SEO plugin v26.1.1 - https:\/\/yoast.com\/wordpress\/plugins\/seo\/ -->\n<title>Bloque de terminales de z\u00f3calo macho de 3,81 mm 180\u00b0 - 10 patillas - Mega Radar<\/title>\n<meta name=\"robots\" content=\"index, follow, max-snippet:-1, max-image-preview:large, max-video-preview:-1\" \/>\n<link rel=\"canonical\" href=\"https:\/\/mgshop.muradoglu.com\/es\/urun\/bloque-de-terminales-de-zocalo-macho-de-381-mm-180-10-patillas\/\" \/>\n<meta property=\"og:locale\" content=\"es_ES\" \/>\n<meta property=\"og:type\" content=\"article\" \/>\n<meta property=\"og:title\" content=\"Bloque de terminales de z\u00f3calo macho de 3,81 mm 180\u00b0 - 10 patillas - Mega Radar\" \/>\n<meta property=\"og:description\" content=\"Regleta de bornes para circuito impreso con z\u00f3calo de conexi\u00f3n por tornillo con mecanismo elevador, 10 polos, secci\u00f3n m\u00e1x. del conductor 1,5mm\u00b2-16 AWG, distancia entre clavijas: 3,81 mm, tensi\u00f3n nominal 160V, corriente nominal: 8A.  Opciones de color: azul, verde, naranja, gris, negro, rojo. Color de stock: verde.\" \/>\n<meta property=\"og:url\" content=\"https:\/\/mgshop.muradoglu.com\/es\/urun\/bloque-de-terminales-de-zocalo-macho-de-381-mm-180-10-patillas\/\" \/>\n<meta property=\"og:site_name\" content=\"Mega Radar\" \/>\n<meta property=\"og:image\" content=\"https:\/\/mgshop.muradoglu.com\/wp-content\/uploads\/2023\/05\/3-81mm-soketli-klemens-erkek-180\u00b0-8-pim-450x525-1.jpg\" \/>\n\t<meta property=\"og:image:width\" content=\"450\" \/>\n\t<meta property=\"og:image:height\" content=\"525\" \/>\n\t<meta property=\"og:image:type\" content=\"image\/jpeg\" \/>\n<meta name=\"twitter:card\" content=\"summary_large_image\" \/>\n<script type=\"application\/ld+json\" class=\"yoast-schema-graph\">{\"@context\":\"https:\/\/schema.org\",\"@graph\":[{\"@type\":\"WebPage\",\"@id\":\"https:\/\/mgshop.muradoglu.com\/es\/urun\/bloque-de-terminales-de-zocalo-macho-de-381-mm-180-10-patillas\/\",\"url\":\"https:\/\/mgshop.muradoglu.com\/es\/urun\/bloque-de-terminales-de-zocalo-macho-de-381-mm-180-10-patillas\/\",\"name\":\"Bloque de terminales de z\u00f3calo macho de 3,81 mm 180\u00b0 - 10 patillas - Mega Radar\",\"isPartOf\":{\"@id\":\"https:\/\/mgshop.muradoglu.com\/es\/#website\"},\"primaryImageOfPage\":{\"@id\":\"https:\/\/mgshop.muradoglu.com\/es\/urun\/bloque-de-terminales-de-zocalo-macho-de-381-mm-180-10-patillas\/#primaryimage\"},\"image\":{\"@id\":\"https:\/\/mgshop.muradoglu.com\/es\/urun\/bloque-de-terminales-de-zocalo-macho-de-381-mm-180-10-patillas\/#primaryimage\"},\"thumbnailUrl\":\"https:\/\/mgshop.muradoglu.com\/wp-content\/uploads\/2023\/05\/3-81mm-soketli-klemens-erkek-180\u00b0-8-pim-450x525-1.jpg\",\"datePublished\":\"2025-06-25T12:14:22+00:00\",\"breadcrumb\":{\"@id\":\"https:\/\/mgshop.muradoglu.com\/es\/urun\/bloque-de-terminales-de-zocalo-macho-de-381-mm-180-10-patillas\/#breadcrumb\"},\"inLanguage\":\"es\",\"potentialAction\":[{\"@type\":\"ReadAction\",\"target\":[\"https:\/\/mgshop.muradoglu.com\/es\/urun\/bloque-de-terminales-de-zocalo-macho-de-381-mm-180-10-patillas\/\"]}]},{\"@type\":\"ImageObject\",\"inLanguage\":\"es\",\"@id\":\"https:\/\/mgshop.muradoglu.com\/es\/urun\/bloque-de-terminales-de-zocalo-macho-de-381-mm-180-10-patillas\/#primaryimage\",\"url\":\"https:\/\/mgshop.muradoglu.com\/wp-content\/uploads\/2023\/05\/3-81mm-soketli-klemens-erkek-180\u00b0-8-pim-450x525-1.jpg\",\"contentUrl\":\"https:\/\/mgshop.muradoglu.com\/wp-content\/uploads\/2023\/05\/3-81mm-soketli-klemens-erkek-180\u00b0-8-pim-450x525-1.jpg\",\"width\":450,\"height\":525},{\"@type\":\"BreadcrumbList\",\"@id\":\"https:\/\/mgshop.muradoglu.com\/es\/urun\/bloque-de-terminales-de-zocalo-macho-de-381-mm-180-10-patillas\/#breadcrumb\",\"itemListElement\":[{\"@type\":\"ListItem\",\"position\":1,\"name\":\"Home\",\"item\":\"https:\/\/mgshop.muradoglu.com\/es\/pagina-de-inicio\/\"},{\"@type\":\"ListItem\",\"position\":2,\"name\":\"Tienda\",\"item\":\"https:\/\/mgshop.muradoglu.com\/es\/tienda\/\"},{\"@type\":\"ListItem\",\"position\":3,\"name\":\"Bloque de terminales de z\u00f3calo macho de 3,81 mm 180\u00b0 &#8211; 10 patillas\"}]},{\"@type\":\"WebSite\",\"@id\":\"https:\/\/mgshop.muradoglu.com\/es\/#website\",\"url\":\"https:\/\/mgshop.muradoglu.com\/es\/\",\"name\":\"Mega Radar\",\"description\":\"Shop\",\"potentialAction\":[{\"@type\":\"SearchAction\",\"target\":{\"@type\":\"EntryPoint\",\"urlTemplate\":\"https:\/\/mgshop.muradoglu.com\/es\/?s={search_term_string}\"},\"query-input\":{\"@type\":\"PropertyValueSpecification\",\"valueRequired\":true,\"valueName\":\"search_term_string\"}}],\"inLanguage\":\"es\"}]}<\/script>\n<!-- \/ Yoast SEO plugin. -->","yoast_head_json":{"title":"Bloque de terminales de z\u00f3calo macho de 3,81 mm 180\u00b0 - 10 patillas - Mega Radar","robots":{"index":"index","follow":"follow","max-snippet":"max-snippet:-1","max-image-preview":"max-image-preview:large","max-video-preview":"max-video-preview:-1"},"canonical":"https:\/\/mgshop.muradoglu.com\/es\/urun\/bloque-de-terminales-de-zocalo-macho-de-381-mm-180-10-patillas\/","og_locale":"es_ES","og_type":"article","og_title":"Bloque de terminales de z\u00f3calo macho de 3,81 mm 180\u00b0 - 10 patillas - Mega Radar","og_description":"Regleta de bornes para circuito impreso con z\u00f3calo de conexi\u00f3n por tornillo con mecanismo elevador, 10 polos, secci\u00f3n m\u00e1x. del conductor 1,5mm\u00b2-16 AWG, distancia entre clavijas: 3,81 mm, tensi\u00f3n nominal 160V, corriente nominal: 8A.  Opciones de color: azul, verde, naranja, gris, negro, rojo. Color de stock: verde.","og_url":"https:\/\/mgshop.muradoglu.com\/es\/urun\/bloque-de-terminales-de-zocalo-macho-de-381-mm-180-10-patillas\/","og_site_name":"Mega Radar","og_image":[{"width":450,"height":525,"url":"https:\/\/mgshop.muradoglu.com\/wp-content\/uploads\/2023\/05\/3-81mm-soketli-klemens-erkek-180\u00b0-8-pim-450x525-1.jpg","type":"image\/jpeg"}],"twitter_card":"summary_large_image","schema":{"@context":"https:\/\/schema.org","@graph":[{"@type":"WebPage","@id":"https:\/\/mgshop.muradoglu.com\/es\/urun\/bloque-de-terminales-de-zocalo-macho-de-381-mm-180-10-patillas\/","url":"https:\/\/mgshop.muradoglu.com\/es\/urun\/bloque-de-terminales-de-zocalo-macho-de-381-mm-180-10-patillas\/","name":"Bloque de terminales de z\u00f3calo macho de 3,81 mm 180\u00b0 - 10 patillas - Mega Radar","isPartOf":{"@id":"https:\/\/mgshop.muradoglu.com\/es\/#website"},"primaryImageOfPage":{"@id":"https:\/\/mgshop.muradoglu.com\/es\/urun\/bloque-de-terminales-de-zocalo-macho-de-381-mm-180-10-patillas\/#primaryimage"},"image":{"@id":"https:\/\/mgshop.muradoglu.com\/es\/urun\/bloque-de-terminales-de-zocalo-macho-de-381-mm-180-10-patillas\/#primaryimage"},"thumbnailUrl":"https:\/\/mgshop.muradoglu.com\/wp-content\/uploads\/2023\/05\/3-81mm-soketli-klemens-erkek-180\u00b0-8-pim-450x525-1.jpg","datePublished":"2025-06-25T12:14:22+00:00","breadcrumb":{"@id":"https:\/\/mgshop.muradoglu.com\/es\/urun\/bloque-de-terminales-de-zocalo-macho-de-381-mm-180-10-patillas\/#breadcrumb"},"inLanguage":"es","potentialAction":[{"@type":"ReadAction","target":["https:\/\/mgshop.muradoglu.com\/es\/urun\/bloque-de-terminales-de-zocalo-macho-de-381-mm-180-10-patillas\/"]}]},{"@type":"ImageObject","inLanguage":"es","@id":"https:\/\/mgshop.muradoglu.com\/es\/urun\/bloque-de-terminales-de-zocalo-macho-de-381-mm-180-10-patillas\/#primaryimage","url":"https:\/\/mgshop.muradoglu.com\/wp-content\/uploads\/2023\/05\/3-81mm-soketli-klemens-erkek-180\u00b0-8-pim-450x525-1.jpg","contentUrl":"https:\/\/mgshop.muradoglu.com\/wp-content\/uploads\/2023\/05\/3-81mm-soketli-klemens-erkek-180\u00b0-8-pim-450x525-1.jpg","width":450,"height":525},{"@type":"BreadcrumbList","@id":"https:\/\/mgshop.muradoglu.com\/es\/urun\/bloque-de-terminales-de-zocalo-macho-de-381-mm-180-10-patillas\/#breadcrumb","itemListElement":[{"@type":"ListItem","position":1,"name":"Home","item":"https:\/\/mgshop.muradoglu.com\/es\/pagina-de-inicio\/"},{"@type":"ListItem","position":2,"name":"Tienda","item":"https:\/\/mgshop.muradoglu.com\/es\/tienda\/"},{"@type":"ListItem","position":3,"name":"Bloque de terminales de z\u00f3calo macho de 3,81 mm 180\u00b0 &#8211; 10 patillas"}]},{"@type":"WebSite","@id":"https:\/\/mgshop.muradoglu.com\/es\/#website","url":"https:\/\/mgshop.muradoglu.com\/es\/","name":"Mega Radar","description":"Shop","potentialAction":[{"@type":"SearchAction","target":{"@type":"EntryPoint","urlTemplate":"https:\/\/mgshop.muradoglu.com\/es\/?s={search_term_string}"},"query-input":{"@type":"PropertyValueSpecification","valueRequired":true,"valueName":"search_term_string"}}],"inLanguage":"es"}]}},"_links":{"self":[{"href":"https:\/\/mgshop.muradoglu.com\/es\/wp-json\/wp\/v2\/product\/20670","targetHints":{"allow":["GET"]}}],"collection":[{"href":"https:\/\/mgshop.muradoglu.com\/es\/wp-json\/wp\/v2\/product"}],"about":[{"href":"https:\/\/mgshop.muradoglu.com\/es\/wp-json\/wp\/v2\/types\/product"}],"version-history":[{"count":0,"href":"https:\/\/mgshop.muradoglu.com\/es\/wp-json\/wp\/v2\/product\/20670\/revisions"}],"wp:featuredmedia":[{"embeddable":true,"href":"https:\/\/mgshop.muradoglu.com\/es\/wp-json\/wp\/v2\/media\/650"}],"wp:attachment":[{"href":"https:\/\/mgshop.muradoglu.com\/es\/wp-json\/wp\/v2\/media?parent=20670"}],"wp:term":[{"taxonomy":"product_brand","embeddable":true,"href":"https:\/\/mgshop.muradoglu.com\/es\/wp-json\/wp\/v2\/product_brand?post=20670"},{"taxonomy":"product_cat","embeddable":true,"href":"https:\/\/mgshop.muradoglu.com\/es\/wp-json\/wp\/v2\/product_cat?post=20670"},{"taxonomy":"product_tag","embeddable":true,"href":"https:\/\/mgshop.muradoglu.com\/es\/wp-json\/wp\/v2\/product_tag?post=20670"}],"curies":[{"name":"wp","href":"https:\/\/api.w.org\/{rel}","templated":true}]}}